{"id":10,"date":"2019-05-22T08:07:02","date_gmt":"2019-05-22T08:07:02","guid":{"rendered":"https:\/\/teknosald-vjen.com\/?page_id=10"},"modified":"2022-09-28T12:33:52","modified_gmt":"2022-09-28T12:33:52","slug":"home","status":"publish","type":"page","link":"https:\/\/teknosald-vjen.com\/","title":{"rendered":"HOME"},"content":{"rendered":"<div class=\"wpb-content-wrapper\"><p>[vc_row][vc_column][vc_custom_heading text=&#8221;PROJEKTOJM\u00cb ZGJIDHJEN E P\u00cbRBASHK\u00cbT&#8221; font_container=&#8221;tag:h2|font_size:24px|text_align:center|color:%23158ab1&#8243; google_fonts=&#8221;font_family:Roboto%3A100%2C100italic%2C300%2C300italic%2Cregular%2Citalic%2C500%2C500italic%2C700%2C700italic%2C900%2C900italic|font_style:700%20bold%20regular%3A700%3Anormal&#8221;][vc_empty_space height=&#8221;15px&#8221;][vc_column_text]<\/p>\n<p style=\"text-align: center;\"><span style=\"color: #000000;\">Teknosald Vjen sh.p.k \u00ebsht\u00eb nj\u00eb shoq\u00ebri q\u00eb operon n\u00eb tregun shqiptar q\u00eb n\u00eb vitin 2007, n\u00eb fush\u00ebn e tregtimit t\u00eb materialeve t\u00eb ndryshme t\u00eb saldimit dhe makinerive industriale t\u00eb t\u00eb gjitha llojeve. Ne tregtojm\u00eb pjes\u00eb plazme, aparat saldimi TIG, MIG, me hark t\u00eb zhytur, t\u00eb gjitha llojet e materialeve t\u00eb konsumit si edhe t\u00eb gjitha llojet e makinerive industriale. Gjithashtu jemi <strong>distributor ekskluziv\u00a0<\/strong>p\u00ebr Shqip\u00ebrin\u00eb t\u00eb Lincoln Electric dhe Harris, t\u00eb cil\u00ebt jan\u00eb lider n\u00eb tregjet bot\u00ebrore p\u00ebrsa i p\u00ebrket materialeve dhe makinerive t\u00eb prerjes, saldimit me lazer e oksigjen.<\/span><br \/>\n<span style=\"color: #000000;\">Gama jon\u00eb e produkteve plot\u00ebson nevojat tuaja p\u00ebr cil\u00ebsi dhe \u00e7mim t\u00eb konkuruesh\u00ebm. Risia e k\u00ebtij viti q\u00eb po l\u00ebm\u00eb pas \u00ebsht\u00eb edhe bashk\u00ebpunimi me Michelangelo Scuola di Saldatura, nje nga shkollat m\u00eb ekselente ne Itali p\u00ebr ofrimin e kurseve certifikuese, formimin e saldator\u00ebve t\u00eb rinj dhe specializimin e profesionist\u00ebve me Standartet e Bashkimit Europian UNI EN ISO 9606.<\/span>[\/vc_column_text][\/vc_column][\/vc_row][vc_row][vc_column width=&#8221;1\/4&#8243; offset=&#8221;vc_hidden-sm vc_hidden-xs&#8221;]<div class=\"ult-content-box-container \" >\t\t<div class=\"ult-content-box\" style=\"background-color:#158ab1;box-shadow: px px px px none;padding:3px;-webkit-transition: all 700ms ease;-moz-transition: all 700ms ease;-ms-transition: all 700ms ease;-o-transition: all 700ms ease;transition: all 700ms ease;\"  data-hover_box_shadow=\"none\"     data-bg=\"#158ab1\" >[vc_custom_heading text=&#8221;Makineri p\u00ebrpunimi metali&#8221; font_container=&#8221;tag:h4|text_align:center|color:%23ffffff&#8221; google_fonts=&#8221;font_family:Roboto%3A100%2C100italic%2C300%2C300italic%2Cregular%2Citalic%2C500%2C500italic%2C700%2C700italic%2C900%2C900italic|font_style:400%20regular%3A400%3Anormal&#8221;]\t\t<\/div><\/div>[vc_single_image image=&#8221;16&#8243; img_size=&#8221;full&#8221;][vc_column_text css=&#8221;.vc_custom_1664368429498{padding-bottom: 25px !important;}&#8221;]<\/p>\n<p style=\"text-align: justify;\"><span style=\"color: #000000;\">Makineri t\u00eb reja dhe t\u00eb p\u00ebrdorura t\u00eb gjenerat\u00ebs s\u00eb fundit p\u00ebr \u00e7do proces pune dhe p\u00ebr t\u00eb plot\u00ebsuar maksimalisht nevojat e biznesit tuaj.<\/span><\/p>\n<p>[\/vc_column_text]<div class=\"ult-content-box-container row\" >\t<a class=\"ult-content-box-anchor\" href=\"https:\/\/teknosald-vjen.com\/index.php\/makineri-perpunimi-metali\/\" title=\"Makineri perpunimi metali\" >\t\t<div class=\"ult-content-box\" style=\"background-color:#158ab1;box-shadow: px px px px none;padding:3px;-webkit-transition: all 700ms ease;-moz-transition: all 700ms ease;-ms-transition: all 700ms ease;-o-transition: all 700ms ease;transition: all 700ms ease;\"  data-hover_box_shadow=\"none\"     data-bg=\"#158ab1\" >[vc_custom_heading text=&#8221;Lexo m\u00eb shum\u00eb&#8221; font_container=&#8221;tag:h5|text_align:center|color:%23ffffff&#8221; google_fonts=&#8221;font_family:Roboto%3A100%2C100italic%2C300%2C300italic%2Cregular%2Citalic%2C500%2C500italic%2C700%2C700italic%2C900%2C900italic|font_style:400%20regular%3A400%3Anormal&#8221; css=&#8221;.vc_custom_1664368421587{padding-bottom: 0px !important;}&#8221;]\t\t<\/div>\t<\/a><\/div>[\/vc_column][vc_column width=&#8221;1\/4&#8243; offset=&#8221;vc_hidden-sm vc_hidden-xs&#8221;]<div class=\"ult-content-box-container \" >\t\t<div class=\"ult-content-box\" style=\"background-color:#158ab1;box-shadow: px px px px none;padding:3px;-webkit-transition: all 700ms ease;-moz-transition: all 700ms ease;-ms-transition: all 700ms ease;-o-transition: all 700ms ease;transition: all 700ms ease;\"  data-hover_box_shadow=\"none\"     data-bg=\"#158ab1\" >[vc_custom_heading text=&#8221;Gjenerator\u00eb multiproces&#8221; font_container=&#8221;tag:h4|text_align:center|color:%23ffffff&#8221; google_fonts=&#8221;font_family:Roboto%3A100%2C100italic%2C300%2C300italic%2Cregular%2Citalic%2C500%2C500italic%2C700%2C700italic%2C900%2C900italic|font_style:400%20regular%3A400%3Anormal&#8221;]\t\t<\/div><\/div>[vc_single_image image=&#8221;19&#8243; img_size=&#8221;full&#8221;][vc_column_text]<\/p>\n<p style=\"text-align: justify;\"><span style=\"color: #000000;\">Gjenerator\u00eb t\u00eb cil\u00ebsis\u00eb s\u00eb lart\u00eb p\u00ebr t\u00eb gjith\u00eb llojet e saldimit ose prerjes. Eficenc\u00eb teknike, rezultate maksimale me kosto minimale.<\/span><\/p>\n<p>[\/vc_column_text]<div class=\"ult-content-box-container \" >\t<a class=\"ult-content-box-anchor\" href=\"https:\/\/teknosald-vjen.com\/index.php\/gjeneratore-saldimi-prerje\/\" title=\"Gjeneratore Saldimi &amp; Prerje\" >\t\t<div class=\"ult-content-box\" style=\"background-color:#158ab1;box-shadow: px px px px none;padding:3px;-webkit-transition: all 700ms ease;-moz-transition: all 700ms ease;-ms-transition: all 700ms ease;-o-transition: all 700ms ease;transition: all 700ms ease;\"  data-hover_box_shadow=\"none\"     data-bg=\"#158ab1\" >[vc_custom_heading text=&#8221;Lexo m\u00eb shum\u00eb&#8221; font_container=&#8221;tag:h5|text_align:center|color:%23ffffff&#8221; google_fonts=&#8221;font_family:Roboto%3A100%2C100italic%2C300%2C300italic%2Cregular%2Citalic%2C500%2C500italic%2C700%2C700italic%2C900%2C900italic|font_style:400%20regular%3A400%3Anormal&#8221;]\t\t<\/div>\t<\/a><\/div>[\/vc_column][vc_column width=&#8221;1\/4&#8243; offset=&#8221;vc_hidden-sm vc_hidden-xs&#8221;]<div class=\"ult-content-box-container \" >\t\t<div class=\"ult-content-box\" style=\"background-color:#158ab1;box-shadow: px px px px none;padding:3px;-webkit-transition: all 700ms ease;-moz-transition: all 700ms ease;-ms-transition: all 700ms ease;-o-transition: all 700ms ease;transition: all 700ms ease;\"  data-hover_box_shadow=\"none\"     data-bg=\"#158ab1\" >[vc_custom_heading text=&#8221;Materiale konsumi&#8221; font_container=&#8221;tag:h4|text_align:center|color:%23ffffff&#8221; google_fonts=&#8221;font_family:Roboto%3A100%2C100italic%2C300%2C300italic%2Cregular%2Citalic%2C500%2C500italic%2C700%2C700italic%2C900%2C900italic|font_style:400%20regular%3A400%3Anormal&#8221;]\t\t<\/div><\/div>[vc_single_image image=&#8221;17&#8243; img_size=&#8221;full&#8221;][vc_column_text]<\/p>\n<p style=\"text-align: justify;\"><span style=\"color: #000000;\">Produkte cil\u00ebsore dhe t\u00eb certifikuara me standarte Europiane, p\u00ebr t\u00eb p\u00ebrmbushur k\u00ebrkesat teknike dhe estetike gjat\u00eb zhvilimit t\u00eb pun\u00ebs.<\/span><\/p>\n<p>[\/vc_column_text]<div class=\"ult-content-box-container \" >\t<a class=\"ult-content-box-anchor\" href=\"https:\/\/teknosald-vjen.com\/index.php\/materiale-konsumi\/\" title=\"Materiale konsumi\" >\t\t<div class=\"ult-content-box\" style=\"background-color:#158ab1;box-shadow: px px px px none;padding:3px;-webkit-transition: all 700ms ease;-moz-transition: all 700ms ease;-ms-transition: all 700ms ease;-o-transition: all 700ms ease;transition: all 700ms ease;\"  data-hover_box_shadow=\"none\"     data-bg=\"#158ab1\" >[vc_custom_heading text=&#8221;Lexo m\u00eb shum\u00eb&#8221; font_container=&#8221;tag:h5|text_align:center|color:%23ffffff&#8221; google_fonts=&#8221;font_family:Roboto%3A100%2C100italic%2C300%2C300italic%2Cregular%2Citalic%2C500%2C500italic%2C700%2C700italic%2C900%2C900italic|font_style:400%20regular%3A400%3Anormal&#8221;]\t\t<\/div>\t<\/a><\/div>[\/vc_column][vc_column width=&#8221;1\/4&#8243; offset=&#8221;vc_hidden-sm vc_hidden-xs&#8221;]<div class=\"ult-content-box-container \" >\t\t<div class=\"ult-content-box\" style=\"background-color:#158ab1;box-shadow: px px px px none;padding:3px;-webkit-transition: all 700ms ease;-moz-transition: all 700ms ease;-ms-transition: all 700ms ease;-o-transition: all 700ms ease;transition: all 700ms ease;\"  data-hover_box_shadow=\"none\"     data-bg=\"#158ab1\" >[vc_custom_heading text=&#8221;Pjes\u00eb k\u00ebmbimi&#8221; font_container=&#8221;tag:h4|text_align:center|color:%23ffffff&#8221; google_fonts=&#8221;font_family:Roboto%3A100%2C100italic%2C300%2C300italic%2Cregular%2Citalic%2C500%2C500italic%2C700%2C700italic%2C900%2C900italic|font_style:400%20regular%3A400%3Anormal&#8221;]\t\t<\/div><\/div>[vc_single_image image=&#8221;18&#8243; img_size=&#8221;full&#8221;][vc_column_text]<\/p>\n<p style=\"text-align: justify;\"><span style=\"color: #000000;\">Larmitet i pj\u00ebs\u00ebve t\u00eb k\u00ebmbimit p\u00ebr t\u00eb kompletuar aparatet tuaj t\u00eb saldimit n\u00eb t\u00ebr\u00ebsi me aksesor\u00eb si edhe makinerit\u00eb e ndryshme.<\/span><\/p>\n<p>[\/vc_column_text]<div class=\"ult-content-box-container \" >\t<a class=\"ult-content-box-anchor\" href=\"https:\/\/teknosald-vjen.com\/index.php\/pjese-kembimi\/\" title=\"Pjese kembimi\" >\t\t<div class=\"ult-content-box\" style=\"background-color:#158ab1;box-shadow: px px px px none;padding:3px;-webkit-transition: all 700ms ease;-moz-transition: all 700ms ease;-ms-transition: all 700ms ease;-o-transition: all 700ms ease;transition: all 700ms ease;\"  data-hover_box_shadow=\"none\"     data-bg=\"#158ab1\" >[vc_custom_heading text=&#8221;Lexo m\u00eb shum\u00eb&#8221; font_container=&#8221;tag:h5|text_align:center|color:%23ffffff&#8221; google_fonts=&#8221;font_family:Roboto%3A100%2C100italic%2C300%2C300italic%2Cregular%2Citalic%2C500%2C500italic%2C700%2C700italic%2C900%2C900italic|font_style:400%20regular%3A400%3Anormal&#8221;]\t\t<\/div>\t<\/a><\/div>[\/vc_column][\/vc_row][vc_row][vc_column offset=&#8221;vc_hidden-lg vc_hidden-md&#8221;]<div class=\"ult-content-box-container \" >\t\t<div class=\"ult-content-box\" style=\"background-color:#158ab1;box-shadow: px px px px none;padding:3px;-webkit-transition: all 700ms ease;-moz-transition: all 700ms ease;-ms-transition: all 700ms ease;-o-transition: all 700ms ease;transition: all 700ms ease;\"  data-hover_box_shadow=\"none\"     data-bg=\"#158ab1\" >[vc_custom_heading text=&#8221;Makineri p\u00ebrpunimi metali&#8221; font_container=&#8221;tag:h4|text_align:center|color:%23ffffff&#8221; google_fonts=&#8221;font_family:Roboto%3A100%2C100italic%2C300%2C300italic%2Cregular%2Citalic%2C500%2C500italic%2C700%2C700italic%2C900%2C900italic|font_style:400%20regular%3A400%3Anormal&#8221;]\t\t<\/div><\/div>[vc_single_image image=&#8221;16&#8243; img_size=&#8221;full&#8221; alignment=&#8221;center&#8221;][vc_column_text]<\/p>\n<p style=\"text-align: center;\"><span style=\"color: #000000;\">Makineri t\u00eb reja dhe t\u00eb p\u00ebrdorura t\u00eb gjenerat\u00ebs s\u00eb fundit p\u00ebr \u00e7do proces pune dhe p\u00ebr t\u00eb plot\u00ebsuar maksimalisht nevojat e biznesit tuaj.<\/span><\/p>\n<p>[\/vc_column_text][vc_custom_heading text=&#8221;Lexo m\u00eb shum\u00eb&#8221; font_container=&#8221;tag:h5|text_align:center|color:%23158ab1&#8243; google_fonts=&#8221;font_family:Roboto%3A100%2C100italic%2C300%2C300italic%2Cregular%2Citalic%2C500%2C500italic%2C700%2C700italic%2C900%2C900italic|font_style:400%20regular%3A400%3Anormal&#8221; link=&#8221;url:https%3A%2F%2Fteknosald-vjen.com%2Findex.php%2Fmakineri-perpunimi-metali%2F|title:Makineri%20perpunimi%20metali||&#8221;][vc_empty_space height=&#8221;82px&#8221;]<div class=\"ult-content-box-container \" >\t\t<div class=\"ult-content-box\" style=\"background-color:#158ab1;box-shadow: px px px px none;padding:3px;-webkit-transition: all 700ms ease;-moz-transition: all 700ms ease;-ms-transition: all 700ms ease;-o-transition: all 700ms ease;transition: all 700ms ease;\"  data-hover_box_shadow=\"none\"     data-bg=\"#158ab1\" >[vc_custom_heading text=&#8221;Gjenerator\u00eb multiproces&#8221; font_container=&#8221;tag:h4|text_align:center|color:%23ffffff&#8221; google_fonts=&#8221;font_family:Roboto%3A100%2C100italic%2C300%2C300italic%2Cregular%2Citalic%2C500%2C500italic%2C700%2C700italic%2C900%2C900italic|font_style:400%20regular%3A400%3Anormal&#8221; link=&#8221;url:https%3A%2F%2Fteknosald-vjen.com%2Findex.php%2Fgjeneratore-saldimi-prerje%2F|title:Gjeneratore%20Saldimi%20%26%20Prerje||&#8221;]\t\t<\/div><\/div>[vc_single_image image=&#8221;19&#8243; img_size=&#8221;full&#8221; alignment=&#8221;center&#8221;][vc_column_text]<\/p>\n<p style=\"text-align: center;\"><span style=\"color: #000000;\">Gjenerator\u00eb t\u00eb cil\u00ebsis\u00eb s\u00eb lart\u00eb p\u00ebr t\u00eb gjith\u00eb llojet e saldimit ose prerjes. Eficenc\u00eb teknike, rezultate maksimale me kosto minimale.<\/span><\/p>\n<p>[\/vc_column_text][vc_custom_heading text=&#8221;Lexo m\u00eb shum\u00eb&#8221; font_container=&#8221;tag:h5|text_align:center|color:%23158ab1&#8243; google_fonts=&#8221;font_family:Roboto%3A100%2C100italic%2C300%2C300italic%2Cregular%2Citalic%2C500%2C500italic%2C700%2C700italic%2C900%2C900italic|font_style:400%20regular%3A400%3Anormal&#8221; link=&#8221;url:https%3A%2F%2Fteknosald-vjen.com%2Findex.php%2Fgjeneratore-saldimi-prerje%2F|title:Gjeneratore%20Saldimi%20%26%20Prerje||&#8221;][vc_empty_space height=&#8221;82px&#8221;]<div class=\"ult-content-box-container \" >\t\t<div class=\"ult-content-box\" style=\"background-color:#158ab1;box-shadow: px px px px none;padding:3px;-webkit-transition: all 700ms ease;-moz-transition: all 700ms ease;-ms-transition: all 700ms ease;-o-transition: all 700ms ease;transition: all 700ms ease;\"  data-hover_box_shadow=\"none\"     data-bg=\"#158ab1\" >[vc_custom_heading text=&#8221;Materiale konsumi&#8221; font_container=&#8221;tag:h4|text_align:center|color:%23ffffff&#8221; google_fonts=&#8221;font_family:Roboto%3A100%2C100italic%2C300%2C300italic%2Cregular%2Citalic%2C500%2C500italic%2C700%2C700italic%2C900%2C900italic|font_style:400%20regular%3A400%3Anormal&#8221;]\t\t<\/div><\/div>[vc_single_image image=&#8221;17&#8243; img_size=&#8221;full&#8221; alignment=&#8221;center&#8221;][vc_column_text]<\/p>\n<p style=\"text-align: center;\"><span style=\"color: #000000;\">Produkte cil\u00ebsore dhe t\u00eb certifikuara me standarte Europiane, p\u00ebr t\u00eb p\u00ebrmbushur k\u00ebrkesat teknike dhe estetike gjat\u00eb zhvilimit t\u00eb pun\u00ebs.<\/span><\/p>\n<p>[\/vc_column_text][vc_custom_heading text=&#8221;Lexo m\u00eb shum\u00eb&#8221; font_container=&#8221;tag:h5|text_align:center|color:%23158ab1&#8243; google_fonts=&#8221;font_family:Roboto%3A100%2C100italic%2C300%2C300italic%2Cregular%2Citalic%2C500%2C500italic%2C700%2C700italic%2C900%2C900italic|font_style:400%20regular%3A400%3Anormal&#8221; link=&#8221;url:https%3A%2F%2Fteknosald-vjen.com%2Findex.php%2Fmateriale-konsumi%2F|title:Materiale%20konsumi||&#8221;][vc_empty_space height=&#8221;82px&#8221;]<div class=\"ult-content-box-container \" >\t\t<div class=\"ult-content-box\" style=\"background-color:#158ab1;box-shadow: px px px px none;padding:3px;-webkit-transition: all 700ms ease;-moz-transition: all 700ms ease;-ms-transition: all 700ms ease;-o-transition: all 700ms ease;transition: all 700ms ease;\"  data-hover_box_shadow=\"none\"     data-bg=\"#158ab1\" >[vc_custom_heading text=&#8221;Pjes\u00eb k\u00ebmbimi&#8221; font_container=&#8221;tag:h4|text_align:center|color:%23ffffff&#8221; google_fonts=&#8221;font_family:Roboto%3A100%2C100italic%2C300%2C300italic%2Cregular%2Citalic%2C500%2C500italic%2C700%2C700italic%2C900%2C900italic|font_style:400%20regular%3A400%3Anormal&#8221;]\t\t<\/div><\/div>[vc_single_image image=&#8221;18&#8243; img_size=&#8221;full&#8221; alignment=&#8221;center&#8221;][vc_column_text]<\/p>\n<p style=\"text-align: center;\"><span style=\"color: #000000;\">Larmitet i pj\u00ebs\u00ebve t\u00eb k\u00ebmbimit p\u00ebr t\u00eb kompletuar aparatet tuaj t\u00eb saldimit n\u00eb t\u00ebr\u00ebsi me aksesor\u00eb si edhe makinerit\u00eb e ndryshme.<\/span><\/p>\n<p>[\/vc_column_text][vc_custom_heading text=&#8221;Lexo m\u00eb shum\u00eb&#8221; font_container=&#8221;tag:h5|text_align:center|color:%23158ab1&#8243; google_fonts=&#8221;font_family:Roboto%3A100%2C100italic%2C300%2C300italic%2Cregular%2Citalic%2C500%2C500italic%2C700%2C700italic%2C900%2C900italic|font_style:400%20regular%3A400%3Anormal&#8221; link=&#8221;url:https%3A%2F%2Fteknosald-vjen.com%2Findex.php%2Fpjese-kembimi%2F|title:Pjese%20kembimi||&#8221;][\/vc_column][\/vc_row][vc_row][vc_column][vc_empty_space height=&#8221;82px&#8221;][\/vc_column][\/vc_row][vc_row][vc_column width=&#8221;1\/2&#8243;][vc_custom_heading text=&#8221;CERTIFIKIME DHE FORMIME PROFESIONALE&#8221; font_container=&#8221;tag:h2|font_size:36px|text_align:center|color:%23158ab1&#8243; google_fonts=&#8221;font_family:Roboto%3A100%2C100italic%2C300%2C300italic%2Cregular%2Citalic%2C500%2C500italic%2C700%2C700italic%2C900%2C900italic|font_style:700%20bold%20regular%3A700%3Anormal&#8221;][vc_separator color=&#8221;custom&#8221; accent_color=&#8221;#158ab1&#8243;][vc_row_inner][vc_column_inner width=&#8221;1\/3&#8243; offset=&#8221;vc_hidden-sm vc_hidden-xs&#8221;][vc_single_image image=&#8221;20&#8243; img_size=&#8221;medium&#8221;][\/vc_column_inner][vc_column_inner width=&#8221;2\/3&#8243;][vc_column_text]<\/p>\n<h3><span style=\"color: #158ab1;\">Ofrojm\u00eb kualifikime t\u00eb saldator\u00ebve, trajnime p\u00ebr nx\u00ebn\u00ebs t\u00eb rinj dhe specializim p\u00ebr profesionistet. Njohje t\u00eb profesionit t\u00eb saldatorit n\u00eb mbar\u00eb bot\u00ebn.<\/span><\/h3>\n<p>[\/vc_column_text]<div class=\" ubtn-ctn-left \"><a class=\"ubtn-link ult-adjust-bottom-margin ubtn-left ubtn-mini \" href=\"http:\/\/www.corsisaldatura.it\/\" title=\"Kompania\" ><button type=\"button\" id=\"ubtn-3373\"  class=\"ubtn ult-adjust-bottom-margin ult-responsive ubtn-mini ubtn-no-hover-bg  none  ubtn-left   tooltip-69f0a28ac6f82\"  data-hover=\"\" data-border-color=\"\" data-bg=\"#e0e0e0\" data-hover-bg=\"\" data-border-hover=\"\" data-shadow-hover=\"\" data-shadow-click=\"none\" data-shadow=\"\" data-shd-shadow=\"\"  data-ultimate-target='#ubtn-3373'  data-responsive-json-new='{\"font-size\":\"\",\"line-height\":\"\"}'  style=\"font-weight:normal;border:none;background: #e0e0e0;color: #000000;\"><span class=\"ubtn-hover\" style=\"background-color:\"><\/span><span class=\"ubtn-data ubtn-text \" >M\u00eb shum\u00eb informacion<\/span><\/button><\/a><\/div>[\/vc_column_inner][\/vc_row_inner][\/vc_column][vc_column width=&#8221;1\/2&#8243;][vc_custom_heading text=&#8221;P\u00cbRSE NE?&#8221; font_container=&#8221;tag:h2|font_size:36px|text_align:center|color:%23158ab1&#8243; google_fonts=&#8221;font_family:Roboto%3A100%2C100italic%2C300%2C300italic%2Cregular%2Citalic%2C500%2C500italic%2C700%2C700italic%2C900%2C900italic|font_style:700%20bold%20regular%3A700%3Anormal&#8221;][vc_empty_space height=&#8221;42px&#8221;][vc_separator color=&#8221;custom&#8221; accent_color=&#8221;#158ab1&#8243;][vc_row_inner][vc_column_inner width=&#8221;1\/2&#8243;]<div class=\"aio-icon-component    style_2\"><div id=\"Info-box-wrap-2575\" class=\"aio-icon-box default-icon\" style=\"\"  ><div class=\"aio-icon-default\"><div class=\"ult-just-icon-wrapper  \"><div class=\"align-icon\" style=\"text-align:center;\">\n<div class=\"aio-icon-img  uavc-circle \" style=\"font-size:28px;background:#ff7226;display:inline-block;\" >\n\t<img decoding=\"async\" class=\"img-icon\" alt=\"null\" src=\"https:\/\/teknosald-vjen.com\/wp-content\/uploads\/2019\/05\/analysis.png\"\/>\n<\/div><\/div><\/div><\/div><div class=\"aio-icon-header\" ><h3 class=\"aio-icon-title ult-responsive\"  data-ultimate-target='#Info-box-wrap-2575 .aio-icon-title'  data-responsive-json-new='{\"font-size\":\"desktop:23px;\",\"line-height\":\"\"}'  style=\"color:#158ab1;\">Analizojm\u00eb k\u00ebrkes\u00ebn tuaj<\/h3><\/div> <!-- header --><\/div> <!-- aio-icon-box --><\/div> <!-- aio-icon-component --><div class=\"aio-icon-component    style_2\"><div id=\"Info-box-wrap-1934\" class=\"aio-icon-box default-icon\" style=\"\"  ><div class=\"aio-icon-default\"><div class=\"ult-just-icon-wrapper  \"><div class=\"align-icon\" style=\"text-align:center;\">\n<div class=\"aio-icon-img  uavc-circle \" style=\"font-size:28px;background:#ff7226;display:inline-block;\" >\n\t<img decoding=\"async\" class=\"img-icon\" alt=\"null\" src=\"https:\/\/teknosald-vjen.com\/wp-content\/uploads\/2019\/05\/settings-work-tool.png\"\/>\n<\/div><\/div><\/div><\/div><div class=\"aio-icon-header\" ><h3 class=\"aio-icon-title ult-responsive\"  data-ultimate-target='#Info-box-wrap-1934 .aio-icon-title'  data-responsive-json-new='{\"font-size\":\"desktop:23px;\",\"line-height\":\"\"}'  style=\"color:#158ab1;\">Planifikiojme zgjidhjen e duhur<\/h3><\/div> <!-- header --><\/div> <!-- aio-icon-box --><\/div> <!-- aio-icon-component --><div class=\"aio-icon-component    style_2\"><div id=\"Info-box-wrap-5147\" class=\"aio-icon-box default-icon\" style=\"\"  ><div class=\"aio-icon-default\"><div class=\"ult-just-icon-wrapper  \"><div class=\"align-icon\" style=\"text-align:center;\">\n<div class=\"aio-icon-img  uavc-circle \" style=\"font-size:28px;background:#ff7226;display:inline-block;\" >\n\t<img decoding=\"async\" class=\"img-icon\" alt=\"null\" src=\"https:\/\/teknosald-vjen.com\/wp-content\/uploads\/2019\/05\/shield.png\"\/>\n<\/div><\/div><\/div><\/div><div class=\"aio-icon-header\" ><h3 class=\"aio-icon-title ult-responsive\"  data-ultimate-target='#Info-box-wrap-5147 .aio-icon-title'  data-responsive-json-new='{\"font-size\":\"desktop:23px;\",\"line-height\":\"\"}'  style=\"color:#158ab1;\">Ofrojme cilesi dhe garanci<\/h3><\/div> <!-- header --><\/div> <!-- aio-icon-box --><\/div> <!-- aio-icon-component -->[\/vc_column_inner][vc_column_inner width=&#8221;1\/2&#8243; offset=&#8221;vc_hidden-sm vc_hidden-xs&#8221;]<div class=\"aio-icon-component  vc_custom_1558515252692   style_1\"><div id=\"Info-box-wrap-9262\" class=\"aio-icon-box default-icon\" style=\"\"  ><div class=\"aio-icon-default\"><div class=\"ult-just-icon-wrapper  \"><div class=\"align-icon\" style=\"text-align:center;\">\n<div class=\"aio-icon-img \" style=\"font-size:70px;display:inline-block;\" >\n\t<img decoding=\"async\" class=\"img-icon\" alt=\"null\" src=\"https:\/\/teknosald-vjen.com\/wp-content\/uploads\/2019\/05\/icon-questionmark.png\"\/>\n<\/div><\/div><\/div><\/div><\/div> <!-- aio-icon-box --><\/div> <!-- aio-icon-component -->[\/vc_column_inner][\/vc_row_inner][\/vc_column][\/vc_row]<\/p>\n<\/div>","protected":false},"excerpt":{"rendered":"<p>[vc_row][vc_column][vc_custom_heading text=&#8221;PROJEKTOJM\u00cb ZGJIDHJEN E P\u00cbRBASHK\u00cbT&#8221; font_container=&#8221;tag:h2|font_size:24px|text_align:center|color:%23158ab1&#8243; google_fonts=&#8221;font_family:Roboto%3A100%2C100italic%2C300%2C300italic%2Cregular%2Citalic%2C500%2C500italic%2C700%2C700italic%2C900%2C900italic|font_style:700%20bold%20regular%3A700%3Anormal&#8221;][vc_empty_space height=&#8221;15px&#8221;][vc_column_text] Teknosald Vjen sh.p.k \u00ebsht\u00eb nj\u00eb shoq\u00ebri q\u00eb operon n\u00eb tregun shqiptar q\u00eb n\u00eb vitin 2007, n\u00eb fush\u00ebn e tregtimit t\u00eb materialeve t\u00eb ndryshme t\u00eb saldimit dhe makinerive industriale t\u00eb t\u00eb gjitha llojeve. Ne tregtojm\u00eb pjes\u00eb plazme, aparat saldimi TIG, MIG, me hark t\u00eb zhytur, t\u00eb gjitha llojet&hellip;<\/p>\n","protected":false},"author":3,"featured_media":0,"parent":0,"menu_order":0,"comment_status":"closed","ping_status":"closed","template":"","meta":{"footnotes":""},"class_list":["post-10","page","type-page","status-publish","hentry","description-off"],"_links":{"self":[{"href":"https:\/\/teknosald-vjen.com\/index.php\/wp-json\/wp\/v2\/pages\/10","targetHints":{"allow":["GET"]}}],"collection":[{"href":"https:\/\/teknosald-vjen.com\/index.php\/wp-json\/wp\/v2\/pages"}],"about":[{"href":"https:\/\/teknosald-vjen.com\/index.php\/wp-json\/wp\/v2\/types\/page"}],"author":[{"embeddable":true,"href":"https:\/\/teknosald-vjen.com\/index.php\/wp-json\/wp\/v2\/users\/3"}],"replies":[{"embeddable":true,"href":"https:\/\/teknosald-vjen.com\/index.php\/wp-json\/wp\/v2\/comments?post=10"}],"version-history":[{"count":20,"href":"https:\/\/teknosald-vjen.com\/index.php\/wp-json\/wp\/v2\/pages\/10\/revisions"}],"predecessor-version":[{"id":426,"href":"https:\/\/teknosald-vjen.com\/index.php\/wp-json\/wp\/v2\/pages\/10\/revisions\/426"}],"wp:attachment":[{"href":"https:\/\/teknosald-vjen.com\/index.php\/wp-json\/wp\/v2\/media?parent=10"}],"curies":[{"name":"wp","href":"https:\/\/api.w.org\/{rel}","templated":true}]}}