{"id":150,"date":"2019-05-22T10:10:12","date_gmt":"2019-05-22T10:10:12","guid":{"rendered":"https:\/\/teknosald-vjen.com\/?page_id=150"},"modified":"2022-09-28T11:48:08","modified_gmt":"2022-09-28T11:48:08","slug":"asistenca-teknike","status":"publish","type":"page","link":"https:\/\/teknosald-vjen.com\/index.php\/asistenca-teknike\/","title":{"rendered":"Asistenca teknike"},"content":{"rendered":"<div class=\"wpb-content-wrapper\"><p>[vc_row][vc_column width=&#8221;1\/2&#8243;][vc_column_text]<\/p>\n<p style=\"text-align: justify;\">Kompania jon\u00eb ofron asistenc\u00eb teknike p\u00ebr riparimin e makinerive t\u00eb ndryshme. Ky lloj sh\u00ebrbimi mund\u00ebsohet prej teknik\u00ebve te huaj ose shqiptar\u00eb, gjithmon\u00eb t\u00eb gatsh\u00ebm p\u00ebr t\u2019u p\u00ebrballur me \u00e7far\u00ebdolloj problemi ose ndihme q\u00eb klient\u00ebt tan\u00eb mund t\u00eb ken\u00eb nevoj\u00eb.<br \/>\nRiparimi i makinerive \u00ebsht\u00eb nj\u00eb proces i nd\u00ebrlikuar i cili k\u00ebrkon profesionaliz\u00ebm dhe nj\u00eb gam\u00eb t\u00eb gjer\u00eb produktesh k\u00ebmbimi. K\u00ebto t\u00eb fundit na b\u00ebjn\u00eb lider n\u00eb ofrimin e nj\u00eb sh\u00ebrbimi t\u00eb shpejt\u00eb dhe t\u00eb garantuar. P\u00ebr t\u00eb gjitha makinerit\u00eb t\u00eb cilat ne tregtojm\u00eb ofrojm\u00eb instalimin, montimin dhe mir\u00ebmbajtjen nga teknik\u00eb t\u00eb specializuar t\u00eb fush\u00ebs. N\u00eb raste t\u00eb ve\u00e7anta \u00ebsht\u00eb i parashikuar edhe trajnimi i personelit mbi p\u00ebrdorimin e makineris\u00eb si edhe kurs software.<br \/>\nNa telefononi menj\u00ebher\u00eb n\u00eb menyr\u00eb q\u00eb teknik\u00ebt tan\u00eb t\u00eb b\u00ebjn\u00eb t\u00eb mundur riparimin ose nd\u00ebrrimin e pjes\u00ebve t\u00eb k\u00ebmbimit, t\u00eb makineris\u00eb tuaj duke u bazuar n\u00eb gam\u00ebn e gjer\u00eb t\u00eb produkteve.<\/p>\n<p>[\/vc_column_text][vc_btn title=&#8221;Kontakto&#8221; i_icon_fontawesome=&#8221;fa fa-envelope-o&#8221; add_icon=&#8221;true&#8221; link=&#8221;url:https%3A%2F%2Fteknosald-vjen.com%2Findex.php%2Fkontakt%2F|title:Kontakt||&#8221;][\/vc_column][vc_column width=&#8221;1\/2&#8243;][vc_empty_space height=&#8221;42px&#8221;][vc_row_inner][vc_column_inner width=&#8221;1\/2&#8243;][vc_single_image image=&#8221;151&#8243; img_size=&#8221;full&#8221; alignment=&#8221;center&#8221; style=&#8221;vc_box_shadow_border&#8221; onclick=&#8221;link_image&#8221;][\/vc_column_inner][vc_column_inner width=&#8221;1\/2&#8243;][vc_single_image image=&#8221;152&#8243; img_size=&#8221;full&#8221; alignment=&#8221;center&#8221; style=&#8221;vc_box_shadow_border&#8221; onclick=&#8221;link_image&#8221;][\/vc_column_inner][\/vc_row_inner][\/vc_column][\/vc_row]<\/p>\n<\/div>","protected":false},"excerpt":{"rendered":"<p>[vc_row][vc_column width=&#8221;1\/2&#8243;][vc_column_text] Kompania jon\u00eb ofron asistenc\u00eb teknike p\u00ebr riparimin e makinerive t\u00eb ndryshme. Ky lloj sh\u00ebrbimi mund\u00ebsohet prej teknik\u00ebve te huaj ose shqiptar\u00eb, gjithmon\u00eb t\u00eb gatsh\u00ebm p\u00ebr t\u2019u p\u00ebrballur me \u00e7far\u00ebdolloj problemi ose ndihme q\u00eb klient\u00ebt tan\u00eb mund t\u00eb ken\u00eb nevoj\u00eb. Riparimi i makinerive \u00ebsht\u00eb nj\u00eb proces i nd\u00ebrlikuar i cili k\u00ebrkon profesionaliz\u00ebm dhe nj\u00eb&hellip;<\/p>\n","protected":false},"author":3,"featured_media":0,"parent":0,"menu_order":0,"comment_status":"closed","ping_status":"closed","template":"","meta":{"footnotes":""},"class_list":["post-150","page","type-page","status-publish","hentry","description-off"],"_links":{"self":[{"href":"https:\/\/teknosald-vjen.com\/index.php\/wp-json\/wp\/v2\/pages\/150","targetHints":{"allow":["GET"]}}],"collection":[{"href":"https:\/\/teknosald-vjen.com\/index.php\/wp-json\/wp\/v2\/pages"}],"about":[{"href":"https:\/\/teknosald-vjen.com\/index.php\/wp-json\/wp\/v2\/types\/page"}],"author":[{"embeddable":true,"href":"https:\/\/teknosald-vjen.com\/index.php\/wp-json\/wp\/v2\/users\/3"}],"replies":[{"embeddable":true,"href":"https:\/\/teknosald-vjen.com\/index.php\/wp-json\/wp\/v2\/comments?post=150"}],"version-history":[{"count":10,"href":"https:\/\/teknosald-vjen.com\/index.php\/wp-json\/wp\/v2\/pages\/150\/revisions"}],"predecessor-version":[{"id":416,"href":"https:\/\/teknosald-vjen.com\/index.php\/wp-json\/wp\/v2\/pages\/150\/revisions\/416"}],"wp:attachment":[{"href":"https:\/\/teknosald-vjen.com\/index.php\/wp-json\/wp\/v2\/media?parent=150"}],"curies":[{"name":"wp","href":"https:\/\/api.w.org\/{rel}","templated":true}]}}