{"id":161,"date":"2019-05-22T10:20:12","date_gmt":"2019-05-22T10:20:12","guid":{"rendered":"https:\/\/teknosald-vjen.com\/?page_id=161"},"modified":"2022-09-28T13:41:02","modified_gmt":"2022-09-28T13:41:02","slug":"kerko-nje-preventiv","status":"publish","type":"page","link":"https:\/\/teknosald-vjen.com\/index.php\/kerko-nje-preventiv\/","title":{"rendered":"K\u00ebrko nje preventiv"},"content":{"rendered":"<div class=\"wpb-content-wrapper\"><p>[vc_row][vc_column width=&#8221;1\/3&#8243;][\/vc_column][vc_column width=&#8221;1\/3&#8243;][vc_custom_heading text=&#8221;K\u00cbRKO NJ\u00cb PREVENTIV&#8221; font_container=&#8221;tag:h3|text_align:center|color:%23158ab1&#8243; google_fonts=&#8221;font_family:Roboto%3A100%2C100italic%2C300%2C300italic%2Cregular%2Citalic%2C500%2C500italic%2C700%2C700italic%2C900%2C900italic|font_style:700%20bold%20regular%3A700%3Anormal&#8221;][vc_column_text]<\/p>\n<p style=\"text-align: center;\">\u00a0T\u00eb gjitha fushat me * jan\u00eb t\u00eb detyrueshme<\/p>\n<p>[\/vc_column_text][contact-form-7 id=&#8221;262&#8243;][\/vc_column][vc_column width=&#8221;1\/3&#8243;][\/vc_column][\/vc_row]<\/p>\n<\/div>","protected":false},"excerpt":{"rendered":"<p>[vc_row][vc_column width=&#8221;1\/3&#8243;][\/vc_column][vc_column width=&#8221;1\/3&#8243;][vc_custom_heading text=&#8221;K\u00cbRKO NJ\u00cb PREVENTIV&#8221; font_container=&#8221;tag:h3|text_align:center|color:%23158ab1&#8243; google_fonts=&#8221;font_family:Roboto%3A100%2C100italic%2C300%2C300italic%2Cregular%2Citalic%2C500%2C500italic%2C700%2C700italic%2C900%2C900italic|font_style:700%20bold%20regular%3A700%3Anormal&#8221;][vc_column_text] \u00a0T\u00eb gjitha fushat me * jan\u00eb t\u00eb detyrueshme [\/vc_column_text][contact-form-7 id=&#8221;262&#8243;][\/vc_column][vc_column width=&#8221;1\/3&#8243;][\/vc_column][\/vc_row]<\/p>\n","protected":false},"author":3,"featured_media":0,"parent":0,"menu_order":0,"comment_status":"closed","ping_status":"closed","template":"","meta":{"footnotes":""},"class_list":["post-161","page","type-page","status-publish","hentry","description-off"],"_links":{"self":[{"href":"https:\/\/teknosald-vjen.com\/index.php\/wp-json\/wp\/v2\/pages\/161","targetHints":{"allow":["GET"]}}],"collection":[{"href":"https:\/\/teknosald-vjen.com\/index.php\/wp-json\/wp\/v2\/pages"}],"about":[{"href":"https:\/\/teknosald-vjen.com\/index.php\/wp-json\/wp\/v2\/types\/page"}],"author":[{"embeddable":true,"href":"https:\/\/teknosald-vjen.com\/index.php\/wp-json\/wp\/v2\/users\/3"}],"replies":[{"embeddable":true,"href":"https:\/\/teknosald-vjen.com\/index.php\/wp-json\/wp\/v2\/comments?post=161"}],"version-history":[{"count":6,"href":"https:\/\/teknosald-vjen.com\/index.php\/wp-json\/wp\/v2\/pages\/161\/revisions"}],"predecessor-version":[{"id":430,"href":"https:\/\/teknosald-vjen.com\/index.php\/wp-json\/wp\/v2\/pages\/161\/revisions\/430"}],"wp:attachment":[{"href":"https:\/\/teknosald-vjen.com\/index.php\/wp-json\/wp\/v2\/media?parent=161"}],"curies":[{"name":"wp","href":"https:\/\/api.w.org\/{rel}","templated":true}]}}