{"id":32,"date":"2019-05-22T09:25:56","date_gmt":"2019-05-22T09:25:56","guid":{"rendered":"https:\/\/teknosald-vjen.com\/?page_id=32"},"modified":"2022-09-28T12:23:01","modified_gmt":"2022-09-28T12:23:01","slug":"kompania","status":"publish","type":"page","link":"https:\/\/teknosald-vjen.com\/index.php\/kompania\/","title":{"rendered":"Kompania"},"content":{"rendered":"<div class=\"wpb-content-wrapper\"><p>[vc_row][vc_column width=&#8221;2\/3&#8243;][vc_custom_heading text=&#8221;Kompania&#8221; font_container=&#8221;tag:h2|font_size:36px|text_align:center|color:%231695bf&#8221; google_fonts=&#8221;font_family:Roboto%3A100%2C100italic%2C300%2C300italic%2Cregular%2Citalic%2C500%2C500italic%2C700%2C700italic%2C900%2C900italic|font_style:400%20regular%3A400%3Anormal&#8221;][vc_separator color=&#8221;custom&#8221; accent_color=&#8221;#1695bf&#8221;][vc_column_text]<\/p>\n<p style=\"text-align: justify;\"><strong>T\u00eb kualifikuar dhe me p\u00ebrvoj\u00eb<\/strong><br \/>\u201cTEKNOSALD-VJEN\u201d t\u00eb imponohet menj\u00ebher\u00eb si nj\u00eb nga \u201cRealitetet m\u00eb t\u00eb r\u00ebnd\u00ebsishme\u201d p\u00ebr tregtimin e materialeve t\u00eb ndryshme t\u00eb saldimit dhe prerjes, p\u00ebr disponimin e makinerive metalprer\u00ebse si edhe p\u00ebr asistencen teknike.\u00a0N\u00eb saj\u00eb t\u00eb kompetenc\u00ebs dhe iniciativ\u00ebs s\u00eb\u00a0themeluesve t\u00eb saj n\u00eb disa vite kompania ka filluar bashk\u00ebpunime t\u00eb frytshme me prodhuesit m\u00eb t\u00eb r\u00ebnd\u00ebsish\u00ebm bot\u00ebror\u00eb, si\u00e7 mund te p\u00ebrmendim Lincoln Electric, Harris, Vimercati etj.<\/p>\n<p style=\"text-align: justify;\">Stafi i Teknosald-Vjen sot p\u00ebrb\u00ebhet nga personel\u00a0 teknik-komercial i huaj dhe shqiptar, t\u00eb cil\u00ebt me p\u00ebrvoj\u00ebn q\u00eb kan\u00eb p\u00ebrmbushin k\u00ebrkesat e klient\u00ebve n\u00eb nj\u00eb koh\u00eb t\u00eb shkurt\u00ebr.<\/p>\n<p><strong>Bashk\u00ebpunimi me Lincoln Electric<\/strong><\/p>\n<p style=\"text-align: justify;\">Rezultati m\u00eb i arrir\u00eb i pun\u00ebs s\u00eb mir\u00eb t\u00eb b\u00ebr\u00eb nga kompania jon\u00eb gjat\u00eb k\u00ebtyre viteve \u00ebsht\u00eb padyshim bashk\u00ebpunimi i vazhdueshem me kompanine\u00a0<strong>Lincoln Electric<\/strong>, nj\u00eb udh\u00ebheq\u00ebs bot\u00ebror n\u00eb industrin\u00eb e saldimit.<\/p>\n<p>[\/vc_column_text][\/vc_column][vc_column width=&#8221;1\/3&#8243;][vc_empty_space height=&#8221;60px&#8221;][vc_single_image image=&#8221;44&#8243; img_size=&#8221;full&#8221; onclick=&#8221;link_image&#8221;][vc_row_inner][vc_column_inner width=&#8221;1\/3&#8243; offset=&#8221;vc_hidden-sm vc_hidden-xs&#8221;][vc_single_image image=&#8221;43&#8243; onclick=&#8221;link_image&#8221;][\/vc_column_inner][vc_column_inner width=&#8221;1\/3&#8243; offset=&#8221;vc_hidden-sm vc_hidden-xs&#8221;][vc_single_image image=&#8221;45&#8243; onclick=&#8221;link_image&#8221;][\/vc_column_inner][vc_column_inner width=&#8221;1\/3&#8243; offset=&#8221;vc_hidden-sm vc_hidden-xs&#8221;][vc_single_image image=&#8221;46&#8243; onclick=&#8221;link_image&#8221;][\/vc_column_inner][\/vc_row_inner][\/vc_column][\/vc_row][vc_row][vc_column offset=&#8221;vc_hidden-lg vc_hidden-md&#8221;]<div id=\"ult-carousel-187416472069e1243d55d8b\" class=\"ult-carousel-wrapper   ult_horizontal\" data-gutter=\"15\" data-rtl=\"false\" ><div class=\"ult-carousel-164890392669e1243d55c6d \" >[vc_single_image image=&#8221;43&#8243; img_size=&#8221;full&#8221; alignment=&#8221;center&#8221; onclick=&#8221;link_image&#8221;][vc_single_image image=&#8221;46&#8243; img_size=&#8221;full&#8221; alignment=&#8221;center&#8221; onclick=&#8221;link_image&#8221;][vc_single_image image=&#8221;45&#8243; img_size=&#8221;full&#8221; alignment=&#8221;center&#8221; onclick=&#8221;link_image&#8221;]<\/div><\/div>\t\t\t<script type=\"text\/javascript\">\n\t\t\t\tjQuery(document).ready(function ($) {\n\t\t\t\t\tif( typeof jQuery('.ult-carousel-164890392669e1243d55c6d').slick == \"function\"){\n\t\t\t\t\t\t$('.ult-carousel-164890392669e1243d55c6d').slick({dots: false,autoplay: true,autoplaySpeed: \"5000\",speed: \"300\",infinite: true,arrows: true,nextArrow: '<button type=\"button\" role=\"button\" aria-label=\"Next\" style=\"color:#333333; font-size:20px;\" class=\"slick-next default\"><i class=\"ultsl-arrow-right4\"><\/i><\/button>',prevArrow: '<button type=\"button\" role=\"button\" aria-label=\"Previous\" style=\"color:#333333; font-size:20px;\" class=\"slick-prev default\"><i class=\"ultsl-arrow-left4\"><\/i><\/button>',slidesToScroll:5,slidesToShow:5,swipe: true,draggable: true,touchMove: true,pauseOnHover: true,pauseOnFocus: false,responsive: [\n\t\t\t\t\t\t\t{\n\t\t\t\t\t\t\t  breakpoint: 1026,\n\t\t\t\t\t\t\t  settings: {\n\t\t\t\t\t\t\t\tslidesToShow: 5,\n\t\t\t\t\t\t\t\tslidesToScroll: 5,  \n\t\t\t\t\t\t\t  }\n\t\t\t\t\t\t\t},\n\t\t\t\t\t\t\t{\n\t\t\t\t\t\t\t  breakpoint: 1025,\n\t\t\t\t\t\t\t  settings: {\n\t\t\t\t\t\t\t\tslidesToShow: 3,\n\t\t\t\t\t\t\t\tslidesToScroll: 3\n\t\t\t\t\t\t\t  }\n\t\t\t\t\t\t\t},\n\t\t\t\t\t\t\t{\n\t\t\t\t\t\t\t  breakpoint: 760,\n\t\t\t\t\t\t\t  settings: {\n\t\t\t\t\t\t\t\tslidesToShow: 1,\n\t\t\t\t\t\t\t\tslidesToScroll: 1\n\t\t\t\t\t\t\t  }\n\t\t\t\t\t\t\t}\n\t\t\t\t\t\t],pauseOnDotsHover: true,customPaging: function(slider, i) {\n                   return '<i type=\"button\" style= \"color:#333333;\" class=\"ultsl-record\" data-role=\"none\"><\/i>';\n                },});\n\t\t\t\t\t}\n\t\t\t\t});\n\t\t\t<\/script>\n\t\t\t[\/vc_column][\/vc_row]<\/p>\n<\/div>","protected":false},"excerpt":{"rendered":"<p>[vc_row][vc_column width=&#8221;2\/3&#8243;][vc_custom_heading text=&#8221;Kompania&#8221; font_container=&#8221;tag:h2|font_size:36px|text_align:center|color:%231695bf&#8221; google_fonts=&#8221;font_family:Roboto%3A100%2C100italic%2C300%2C300italic%2Cregular%2Citalic%2C500%2C500italic%2C700%2C700italic%2C900%2C900italic|font_style:400%20regular%3A400%3Anormal&#8221;][vc_separator color=&#8221;custom&#8221; accent_color=&#8221;#1695bf&#8221;][vc_column_text] T\u00eb kualifikuar dhe me p\u00ebrvoj\u00eb\u201cTEKNOSALD-VJEN\u201d t\u00eb imponohet menj\u00ebher\u00eb si nj\u00eb nga \u201cRealitetet m\u00eb t\u00eb r\u00ebnd\u00ebsishme\u201d p\u00ebr tregtimin e materialeve t\u00eb ndryshme t\u00eb saldimit dhe prerjes, p\u00ebr disponimin e makinerive metalprer\u00ebse si edhe p\u00ebr asistencen teknike.\u00a0N\u00eb saj\u00eb t\u00eb kompetenc\u00ebs dhe iniciativ\u00ebs s\u00eb\u00a0themeluesve t\u00eb saj n\u00eb disa vite kompania ka&hellip;<\/p>\n","protected":false},"author":3,"featured_media":0,"parent":0,"menu_order":0,"comment_status":"closed","ping_status":"closed","template":"","meta":{"footnotes":""},"class_list":["post-32","page","type-page","status-publish","hentry","description-off"],"_links":{"self":[{"href":"https:\/\/teknosald-vjen.com\/index.php\/wp-json\/wp\/v2\/pages\/32","targetHints":{"allow":["GET"]}}],"collection":[{"href":"https:\/\/teknosald-vjen.com\/index.php\/wp-json\/wp\/v2\/pages"}],"about":[{"href":"https:\/\/teknosald-vjen.com\/index.php\/wp-json\/wp\/v2\/types\/page"}],"author":[{"embeddable":true,"href":"https:\/\/teknosald-vjen.com\/index.php\/wp-json\/wp\/v2\/users\/3"}],"replies":[{"embeddable":true,"href":"https:\/\/teknosald-vjen.com\/index.php\/wp-json\/wp\/v2\/comments?post=32"}],"version-history":[{"count":17,"href":"https:\/\/teknosald-vjen.com\/index.php\/wp-json\/wp\/v2\/pages\/32\/revisions"}],"predecessor-version":[{"id":423,"href":"https:\/\/teknosald-vjen.com\/index.php\/wp-json\/wp\/v2\/pages\/32\/revisions\/423"}],"wp:attachment":[{"href":"https:\/\/teknosald-vjen.com\/index.php\/wp-json\/wp\/v2\/media?parent=32"}],"curies":[{"name":"wp","href":"https:\/\/api.w.org\/{rel}","templated":true}]}}