{"id":321,"date":"2019-05-22T09:25:56","date_gmt":"2019-05-22T09:25:56","guid":{"rendered":"https:\/\/teknosald-vjen.com\/index.php\/kompania\/"},"modified":"2019-05-22T13:21:48","modified_gmt":"2019-05-22T13:21:48","slug":"kompania","status":"publish","type":"page","link":"https:\/\/teknosald-vjen.com\/index.php\/kompania\/?lang=it","title":{"rendered":"Azienda"},"content":{"rendered":"<div class=\"wpb-content-wrapper\"><p>[vc_row][vc_column width=&#8221;2\/3&#8243;][vc_custom_heading text=&#8221;Azienda&#8221; font_container=&#8221;tag:h2|font_size:36px|text_align:center|color:%231695bf&#8221; google_fonts=&#8221;font_family:Roboto%3A100%2C100italic%2C300%2C300italic%2Cregular%2Citalic%2C500%2C500italic%2C700%2C700italic%2C900%2C900italic|font_style:400%20regular%3A400%3Anormal&#8221;][vc_separator color=&#8221;custom&#8221; accent_color=&#8221;#1695bf&#8221;][vc_column_text]<\/p>\n<p style=\"text-align: justify;\"><strong>Qualificati ed esperti<\/strong><br \/>\n&#8220;TEKNOSALD-VJEN&#8221; viene immediatamente imposto come una delle &#8220;realt\u00e0&#8221; pi\u00f9 importanti per il commercio di vari materiali di saldatura e taglio, la disponibilit\u00e0 di macchinari per la lavorazione dei metalli e l&#8217;assistenza tecnica. Grazie alla competenza e all&#8217;iniziativa dei suoi fondatori per diversi anni, l&#8217;azienda ha avviato una proficua collaborazione con i pi\u00f9 importanti produttori mondiali, come possiamo menzionare Lincoln Electric, Harris, Vimercati, ecc.<\/p>\n<p style=\"text-align: justify;\">Lo staff di Teknosald-Vjen oggi \u00e8 composto da personale tecnico e commerciale straniero e albanese, che con esperienza acquisisce le esigenze dei clienti in breve tempo.<\/p>\n<p><strong>Collaborazione con Lincoln Electric<\/strong><\/p>\n<p style=\"text-align: justify;\">Il risultato del nostro buon lavoro svolto dalla nostra azienda nel corso degli anni \u00e8 senza dubbio la continua collaborazione con Lincoln Electric, leader mondiale nel settore della saldatura.<\/p>\n<p>[\/vc_column_text][\/vc_column][vc_column width=&#8221;1\/3&#8243;][vc_empty_space height=&#8221;60px&#8221;][vc_single_image image=&#8221;44&#8243; img_size=&#8221;full&#8221; onclick=&#8221;link_image&#8221;][vc_row_inner][vc_column_inner width=&#8221;1\/3&#8243; offset=&#8221;vc_hidden-sm vc_hidden-xs&#8221;][vc_single_image image=&#8221;43&#8243; onclick=&#8221;link_image&#8221;][\/vc_column_inner][vc_column_inner width=&#8221;1\/3&#8243; offset=&#8221;vc_hidden-sm vc_hidden-xs&#8221;][vc_single_image image=&#8221;45&#8243; onclick=&#8221;link_image&#8221;][\/vc_column_inner][vc_column_inner width=&#8221;1\/3&#8243; offset=&#8221;vc_hidden-sm vc_hidden-xs&#8221;][vc_single_image image=&#8221;46&#8243; onclick=&#8221;link_image&#8221;][\/vc_column_inner][\/vc_row_inner][\/vc_column][\/vc_row][vc_row][vc_column offset=&#8221;vc_hidden-lg vc_hidden-md&#8221;]<div id=\"ult-carousel-388697145269f6266b84638\" class=\"ult-carousel-wrapper   ult_horizontal\" data-gutter=\"15\" data-rtl=\"false\" ><div class=\"ult-carousel-314483497369f6266b84512 \" >[vc_single_image image=&#8221;43&#8243; img_size=&#8221;full&#8221; alignment=&#8221;center&#8221; onclick=&#8221;link_image&#8221;][vc_single_image image=&#8221;46&#8243; img_size=&#8221;full&#8221; alignment=&#8221;center&#8221; onclick=&#8221;link_image&#8221;][vc_single_image image=&#8221;45&#8243; img_size=&#8221;full&#8221; alignment=&#8221;center&#8221; onclick=&#8221;link_image&#8221;]<\/div><\/div>\t\t\t<script type=\"text\/javascript\">\n\t\t\t\tjQuery(document).ready(function ($) {\n\t\t\t\t\tif( typeof jQuery('.ult-carousel-314483497369f6266b84512').slick == \"function\"){\n\t\t\t\t\t\t$('.ult-carousel-314483497369f6266b84512').slick({dots: false,autoplay: true,autoplaySpeed: \"5000\",speed: \"300\",infinite: true,arrows: true,nextArrow: '<button type=\"button\" role=\"button\" aria-label=\"Next\" style=\"color:#333333; font-size:20px;\" class=\"slick-next default\"><i class=\"ultsl-arrow-right4\"><\/i><\/button>',prevArrow: '<button type=\"button\" role=\"button\" aria-label=\"Previous\" style=\"color:#333333; font-size:20px;\" class=\"slick-prev default\"><i class=\"ultsl-arrow-left4\"><\/i><\/button>',slidesToScroll:5,slidesToShow:5,swipe: true,draggable: true,touchMove: true,pauseOnHover: true,pauseOnFocus: false,responsive: [\n\t\t\t\t\t\t\t{\n\t\t\t\t\t\t\t  breakpoint: 1026,\n\t\t\t\t\t\t\t  settings: {\n\t\t\t\t\t\t\t\tslidesToShow: 5,\n\t\t\t\t\t\t\t\tslidesToScroll: 5,  \n\t\t\t\t\t\t\t  }\n\t\t\t\t\t\t\t},\n\t\t\t\t\t\t\t{\n\t\t\t\t\t\t\t  breakpoint: 1025,\n\t\t\t\t\t\t\t  settings: {\n\t\t\t\t\t\t\t\tslidesToShow: 3,\n\t\t\t\t\t\t\t\tslidesToScroll: 3\n\t\t\t\t\t\t\t  }\n\t\t\t\t\t\t\t},\n\t\t\t\t\t\t\t{\n\t\t\t\t\t\t\t  breakpoint: 760,\n\t\t\t\t\t\t\t  settings: {\n\t\t\t\t\t\t\t\tslidesToShow: 1,\n\t\t\t\t\t\t\t\tslidesToScroll: 1\n\t\t\t\t\t\t\t  }\n\t\t\t\t\t\t\t}\n\t\t\t\t\t\t],pauseOnDotsHover: true,customPaging: function(slider, i) {\n                   return '<i type=\"button\" style= \"color:#333333;\" class=\"ultsl-record\" data-role=\"none\"><\/i>';\n                },});\n\t\t\t\t\t}\n\t\t\t\t});\n\t\t\t<\/script>\n\t\t\t[\/vc_column][\/vc_row]<\/p>\n<\/div>","protected":false},"excerpt":{"rendered":"<p>[vc_row][vc_column width=&#8221;2\/3&#8243;][vc_custom_heading text=&#8221;Azienda&#8221; font_container=&#8221;tag:h2|font_size:36px|text_align:center|color:%231695bf&#8221; google_fonts=&#8221;font_family:Roboto%3A100%2C100italic%2C300%2C300italic%2Cregular%2Citalic%2C500%2C500italic%2C700%2C700italic%2C900%2C900italic|font_style:400%20regular%3A400%3Anormal&#8221;][vc_separator color=&#8221;custom&#8221; accent_color=&#8221;#1695bf&#8221;][vc_column_text] Qualificati ed esperti &#8220;TEKNOSALD-VJEN&#8221; viene immediatamente imposto come una delle &#8220;realt\u00e0&#8221; pi\u00f9 importanti per il commercio di vari materiali di saldatura e taglio, la disponibilit\u00e0 di macchinari per la lavorazione dei metalli e l&#8217;assistenza tecnica. Grazie alla competenza e all&#8217;iniziativa dei suoi fondatori per diversi anni, l&#8217;azienda ha&hellip;<\/p>\n","protected":false},"author":3,"featured_media":0,"parent":0,"menu_order":0,"comment_status":"closed","ping_status":"closed","template":"","meta":{"footnotes":""},"class_list":["post-321","page","type-page","status-publish","hentry","description-off"],"_links":{"self":[{"href":"https:\/\/teknosald-vjen.com\/index.php\/wp-json\/wp\/v2\/pages\/321","targetHints":{"allow":["GET"]}}],"collection":[{"href":"https:\/\/teknosald-vjen.com\/index.php\/wp-json\/wp\/v2\/pages"}],"about":[{"href":"https:\/\/teknosald-vjen.com\/index.php\/wp-json\/wp\/v2\/types\/page"}],"author":[{"embeddable":true,"href":"https:\/\/teknosald-vjen.com\/index.php\/wp-json\/wp\/v2\/users\/3"}],"replies":[{"embeddable":true,"href":"https:\/\/teknosald-vjen.com\/index.php\/wp-json\/wp\/v2\/comments?post=321"}],"version-history":[{"count":2,"href":"https:\/\/teknosald-vjen.com\/index.php\/wp-json\/wp\/v2\/pages\/321\/revisions"}],"predecessor-version":[{"id":324,"href":"https:\/\/teknosald-vjen.com\/index.php\/wp-json\/wp\/v2\/pages\/321\/revisions\/324"}],"wp:attachment":[{"href":"https:\/\/teknosald-vjen.com\/index.php\/wp-json\/wp\/v2\/media?parent=321"}],"curies":[{"name":"wp","href":"https:\/\/api.w.org\/{rel}","templated":true}]}}