{"id":85,"date":"2019-05-22T10:02:16","date_gmt":"2019-05-22T10:02:16","guid":{"rendered":"https:\/\/teknosald-vjen.com\/?page_id=85"},"modified":"2022-09-28T13:38:07","modified_gmt":"2022-09-28T13:38:07","slug":"punime","status":"publish","type":"page","link":"https:\/\/teknosald-vjen.com\/index.php\/punime\/","title":{"rendered":"Punime"},"content":{"rendered":"<div class=\"wpb-content-wrapper\"><p>[vc_row][vc_column][vc_column_text]<\/p>\n<p style=\"text-align: justify;\">T\u00eb gjith\u00eb proceset e pun\u00ebs s\u00eb kompanis\u00eb ton\u00eb Teknosald jan\u00eb t\u00eb koordinuara p\u00ebr rezultate maksimale. Ju sigurojm\u00eb kontroll t\u00eb vazhduesh\u00ebm\u00a0me q\u00ebllim garantimin e cil\u00ebsis\u00eb n\u00eb p\u00ebrpunimin e llamarines dhe materialeve t\u00eb ndryshme. Sh\u00ebrbimet e ofruara jan\u00eb: saldim, prerje llamarine, lakimi i flet\u00ebve metalike, lyerje dhe shume trajtime te tjera. T\u00eb gjith\u00eb materialet e prodhuara nga kompania jon\u00eb ofrohen kryesisht p\u00ebr tregun e huaj.<\/p>\n<p>[\/vc_column_text][\/vc_column][\/vc_row][vc_row][vc_column width=&#8221;1\/4&#8243;][vc_single_image image=&#8221;126&#8243; img_size=&#8221;full&#8221; alignment=&#8221;center&#8221; style=&#8221;vc_box_shadow_border&#8221; onclick=&#8221;link_image&#8221;][\/vc_column][vc_column width=&#8221;1\/4&#8243;][vc_single_image image=&#8221;127&#8243; img_size=&#8221;full&#8221; alignment=&#8221;center&#8221; style=&#8221;vc_box_shadow_border&#8221; onclick=&#8221;link_image&#8221;][\/vc_column][vc_column width=&#8221;1\/4&#8243;][vc_single_image image=&#8221;128&#8243; img_size=&#8221;full&#8221; alignment=&#8221;center&#8221; style=&#8221;vc_box_shadow_border&#8221; onclick=&#8221;link_image&#8221;][\/vc_column][vc_column width=&#8221;1\/4&#8243;][vc_single_image image=&#8221;129&#8243; img_size=&#8221;full&#8221; alignment=&#8221;center&#8221; style=&#8221;vc_box_shadow_border&#8221; onclick=&#8221;link_image&#8221;][\/vc_column][\/vc_row][vc_row][vc_column width=&#8221;1\/5&#8243;][\/vc_column][vc_column width=&#8221;1\/5&#8243;][\/vc_column][vc_column width=&#8221;1\/5&#8243;]<div class=\" ubtn-ctn-center \"><a class=\"ubtn-link ult-adjust-bottom-margin ubtn-center ubtn-block \" href=\"https:\/\/teknosald-vjen.com\/index.php\/kontakt\/\" title=\"Kontakt\" ><button type=\"button\" id=\"ubtn-1583\"  class=\"ubtn ult-adjust-bottom-margin ult-responsive ubtn-block ubtn-no-hover-bg  none  ubtn-center   tooltip-6a031d6093d9c ubtn-block\"  data-hover=\"\" data-border-color=\"\" data-bg=\"#303030\" data-hover-bg=\"\" data-border-hover=\"\" data-shadow-hover=\"\" data-shadow-click=\"none\" data-shadow=\"\" data-shd-shadow=\"\"  data-ultimate-target='#ubtn-1583'  data-responsive-json-new='{\"font-size\":\"\",\"line-height\":\"\"}'  style=\"font-weight:normal;border:none;background: #303030;color: #ffffff;\"><span class=\"ubtn-hover\" style=\"background-color:\"><\/span><span class=\"ubtn-data ubtn-text \" >Kontakt<\/span><\/button><\/a><\/div>[\/vc_column][vc_column width=&#8221;1\/5&#8243;][\/vc_column][vc_column width=&#8221;1\/5&#8243;][\/vc_column][\/vc_row]<\/p>\n<\/div>","protected":false},"excerpt":{"rendered":"<p>[vc_row][vc_column][vc_column_text] T\u00eb gjith\u00eb proceset e pun\u00ebs s\u00eb kompanis\u00eb ton\u00eb Teknosald jan\u00eb t\u00eb koordinuara p\u00ebr rezultate maksimale. Ju sigurojm\u00eb kontroll t\u00eb vazhduesh\u00ebm\u00a0me q\u00ebllim garantimin e cil\u00ebsis\u00eb n\u00eb p\u00ebrpunimin e llamarines dhe materialeve t\u00eb ndryshme. Sh\u00ebrbimet e ofruara jan\u00eb: saldim, prerje llamarine, lakimi i flet\u00ebve metalike, lyerje dhe shume trajtime te tjera. T\u00eb gjith\u00eb materialet e prodhuara&hellip;<\/p>\n","protected":false},"author":3,"featured_media":0,"parent":0,"menu_order":0,"comment_status":"closed","ping_status":"closed","template":"","meta":{"footnotes":""},"class_list":["post-85","page","type-page","status-publish","hentry","description-off"],"_links":{"self":[{"href":"https:\/\/teknosald-vjen.com\/index.php\/wp-json\/wp\/v2\/pages\/85","targetHints":{"allow":["GET"]}}],"collection":[{"href":"https:\/\/teknosald-vjen.com\/index.php\/wp-json\/wp\/v2\/pages"}],"about":[{"href":"https:\/\/teknosald-vjen.com\/index.php\/wp-json\/wp\/v2\/types\/page"}],"author":[{"embeddable":true,"href":"https:\/\/teknosald-vjen.com\/index.php\/wp-json\/wp\/v2\/users\/3"}],"replies":[{"embeddable":true,"href":"https:\/\/teknosald-vjen.com\/index.php\/wp-json\/wp\/v2\/comments?post=85"}],"version-history":[{"count":30,"href":"https:\/\/teknosald-vjen.com\/index.php\/wp-json\/wp\/v2\/pages\/85\/revisions"}],"predecessor-version":[{"id":429,"href":"https:\/\/teknosald-vjen.com\/index.php\/wp-json\/wp\/v2\/pages\/85\/revisions\/429"}],"wp:attachment":[{"href":"https:\/\/teknosald-vjen.com\/index.php\/wp-json\/wp\/v2\/media?parent=85"}],"curies":[{"name":"wp","href":"https:\/\/api.w.org\/{rel}","templated":true}]}}